{"id":3819,"date":"2021-09-21T00:16:41","date_gmt":"2021-09-20T21:16:41","guid":{"rendered":"https:\/\/www.duruhd.com\/hd20\/?page_id=3819"},"modified":"2023-01-26T14:11:19","modified_gmt":"2023-01-26T11:11:19","slug":"kanalizasyon-bocek-larva-dumanli-ilaclama-101","status":"publish","type":"page","link":"https:\/\/www.duruhd.com\/hd20\/kanalizasyon-bocek-larva-dumanli-ilaclama-101\/","title":{"rendered":"Kanalizasyon B\u00f6cek \u0130la\u00e7lama Makinas\u0131"},"content":{"rendered":"\t\t<div data-elementor-type=\"wp-page\" data-elementor-id=\"3819\" class=\"elementor elementor-3819\" data-elementor-settings=\"[]\">\n\t\t\t\t\t\t<div class=\"elementor-inner\">\n\t\t\t\t\t\t\t<div class=\"elementor-section-wrap\">\n\t\t\t\t\t\t\t<section class=\"elementor-section elementor-top-section elementor-element elementor-element-d3b2a51 elementor-section-boxed elementor-section-height-default elementor-section-height-default\" data-id=\"d3b2a51\" data-element_type=\"section\">\n\t\t\t\t\t\t<div class=\"elementor-container elementor-column-gap-default\">\n\t\t\t\t\t\t\t<div class=\"elementor-row\">\n\t\t\t\t\t<div class=\"elementor-column elementor-col-100 elementor-top-column elementor-element elementor-element-699b1e2\" data-id=\"699b1e2\" data-element_type=\"column\">\n\t\t\t<div class=\"elementor-column-wrap elementor-element-populated\">\n\t\t\t\t\t\t\t<div class=\"elementor-widget-wrap\">\n\t\t\t\t\t\t<div class=\"elementor-element elementor-element-1d62cd4 elementor-widget elementor-widget-text-editor\" data-id=\"1d62cd4\" data-element_type=\"widget\" data-widget_type=\"text-editor.default\">\n\t\t\t\t<div class=\"elementor-widget-container\">\n\t\t\t\t\t\t\t\t<div class=\"elementor-text-editor elementor-clearfix\">\n\t\t\t\t<p style=\"text-align: right;\"><span style=\"color: #333333;\">kanalizasyon b\u00f6cek ila\u00e7lama<\/span><\/p>\t\t\t\t\t<\/div>\n\t\t\t\t\t\t<\/div>\n\t\t\t\t<\/div>\n\t\t\t\t\t\t<\/div>\n\t\t\t\t\t<\/div>\n\t\t<\/div>\n\t\t\t\t\t\t\t\t<\/div>\n\t\t\t\t\t<\/div>\n\t\t<\/section>\n\t\t\t\t<section class=\"elementor-section elementor-top-section elementor-element elementor-element-36bcfb7 elementor-section-boxed elementor-section-height-default elementor-section-height-default\" data-id=\"36bcfb7\" data-element_type=\"section\">\n\t\t\t\t\t\t<div class=\"elementor-container elementor-column-gap-default\">\n\t\t\t\t\t\t\t<div class=\"elementor-row\">\n\t\t\t\t\t<div class=\"elementor-column elementor-col-50 elementor-top-column elementor-element elementor-element-5c951ae\" data-id=\"5c951ae\" data-element_type=\"column\">\n\t\t\t<div class=\"elementor-column-wrap elementor-element-populated\">\n\t\t\t\t\t\t\t<div class=\"elementor-widget-wrap\">\n\t\t\t\t\t\t<div class=\"elementor-element elementor-element-7ca063a elementor-widget elementor-widget-image\" data-id=\"7ca063a\" data-element_type=\"widget\" data-widget_type=\"image.default\">\n\t\t\t\t<div class=\"elementor-widget-container\">\n\t\t\t\t\t\t\t\t<div class=\"elementor-image\">\n\t\t\t\t\t\t\t\t\t\t\t\t<img loading=\"lazy\" decoding=\"async\" width=\"300\" height=\"201\" src=\"https:\/\/www.duruhd.com\/hd20\/wp-content\/uploads\/2023\/01\/kanalizasyon-bocek-ilaclama.jpg\" class=\"attachment-large size-large\" alt=\"\" \/>\t\t\t\t\t\t\t\t\t\t\t\t\t\t<\/div>\n\t\t\t\t\t\t<\/div>\n\t\t\t\t<\/div>\n\t\t\t\t\t\t<\/div>\n\t\t\t\t\t<\/div>\n\t\t<\/div>\n\t\t\t\t<div class=\"elementor-column elementor-col-50 elementor-top-column elementor-element elementor-element-f43c3f3\" data-id=\"f43c3f3\" data-element_type=\"column\">\n\t\t\t<div class=\"elementor-column-wrap elementor-element-populated\">\n\t\t\t\t\t\t\t<div class=\"elementor-widget-wrap\">\n\t\t\t\t\t\t<div class=\"elementor-element elementor-element-baf1bc6 elementor-widget elementor-widget-image\" data-id=\"baf1bc6\" data-element_type=\"widget\" data-widget_type=\"image.default\">\n\t\t\t\t<div class=\"elementor-widget-container\">\n\t\t\t\t\t\t\t\t<div class=\"elementor-image\">\n\t\t\t\t\t\t\t\t\t\t\t\t<img loading=\"lazy\" decoding=\"async\" width=\"300\" height=\"201\" src=\"https:\/\/www.duruhd.com\/hd20\/wp-content\/uploads\/2022\/12\/kanal-sisleme-dumanlama-makinasi.jpg\" class=\"attachment-large size-large\" alt=\"kanal-sisleme-dumanlama-makinasi-DURU\" \/>\t\t\t\t\t\t\t\t\t\t\t\t\t\t<\/div>\n\t\t\t\t\t\t<\/div>\n\t\t\t\t<\/div>\n\t\t\t\t\t\t<\/div>\n\t\t\t\t\t<\/div>\n\t\t<\/div>\n\t\t\t\t\t\t\t\t<\/div>\n\t\t\t\t\t<\/div>\n\t\t<\/section>\n\t\t\t\t<section class=\"elementor-section elementor-top-section elementor-element elementor-element-518aadd elementor-section-boxed elementor-section-height-default elementor-section-height-default\" data-id=\"518aadd\" data-element_type=\"section\">\n\t\t\t\t\t\t<div class=\"elementor-container elementor-column-gap-default\">\n\t\t\t\t\t\t\t<div class=\"elementor-row\">\n\t\t\t\t\t<div class=\"elementor-column elementor-col-100 elementor-top-column elementor-element elementor-element-93d8d67\" data-id=\"93d8d67\" data-element_type=\"column\">\n\t\t\t<div class=\"elementor-column-wrap elementor-element-populated\">\n\t\t\t\t\t\t\t<div class=\"elementor-widget-wrap\">\n\t\t\t\t\t\t<div class=\"elementor-element elementor-element-6688414 elementor-widget elementor-widget-text-editor\" data-id=\"6688414\" data-element_type=\"widget\" data-widget_type=\"text-editor.default\">\n\t\t\t\t<div class=\"elementor-widget-container\">\n\t\t\t\t\t\t\t\t<div class=\"elementor-text-editor elementor-clearfix\">\n\t\t\t\t\t\t\t\t\t<\/div>\n\t\t\t\t\t\t<\/div>\n\t\t\t\t<\/div>\n\t\t\t\t\t\t<\/div>\n\t\t\t\t\t<\/div>\n\t\t<\/div>\n\t\t\t\t\t\t\t\t<\/div>\n\t\t\t\t\t<\/div>\n\t\t<\/section>\n\t\t\t\t<section class=\"elementor-section elementor-top-section elementor-element elementor-element-f75c2b6 elementor-section-boxed elementor-section-height-default elementor-section-height-default\" data-id=\"f75c2b6\" data-element_type=\"section\">\n\t\t\t\t\t\t<div class=\"elementor-container elementor-column-gap-default\">\n\t\t\t\t\t\t\t<div class=\"elementor-row\">\n\t\t\t\t\t<div class=\"elementor-column elementor-col-50 elementor-top-column elementor-element elementor-element-327482c\" data-id=\"327482c\" data-element_type=\"column\">\n\t\t\t<div class=\"elementor-column-wrap elementor-element-populated\">\n\t\t\t\t\t\t\t<div class=\"elementor-widget-wrap\">\n\t\t\t\t\t\t<div class=\"elementor-element elementor-element-cc8d3d0 elementor-aspect-ratio-169 elementor-widget elementor-widget-video\" data-id=\"cc8d3d0\" data-element_type=\"widget\" data-settings=\"{&quot;youtube_url&quot;:&quot;https:\\\/\\\/youtu.be\\\/pb6CK9FvPy0&quot;,&quot;video_type&quot;:&quot;youtube&quot;,&quot;controls&quot;:&quot;yes&quot;,&quot;aspect_ratio&quot;:&quot;169&quot;}\" data-widget_type=\"video.default\">\n\t\t\t\t<div class=\"elementor-widget-container\">\n\t\t\t\t\t<div class=\"elementor-wrapper elementor-fit-aspect-ratio elementor-open-inline\">\n\t\t\t<div class=\"elementor-video\"><\/div>\t\t<\/div>\n\t\t\t\t<\/div>\n\t\t\t\t<\/div>\n\t\t\t\t\t\t<\/div>\n\t\t\t\t\t<\/div>\n\t\t<\/div>\n\t\t\t\t<div class=\"elementor-column elementor-col-50 elementor-top-column elementor-element elementor-element-7dda1f7\" data-id=\"7dda1f7\" data-element_type=\"column\">\n\t\t\t<div class=\"elementor-column-wrap elementor-element-populated\">\n\t\t\t\t\t\t\t<div class=\"elementor-widget-wrap\">\n\t\t\t\t\t\t<div class=\"elementor-element elementor-element-6ab235b elementor-aspect-ratio-169 elementor-widget elementor-widget-video\" data-id=\"6ab235b\" data-element_type=\"widget\" data-settings=\"{&quot;youtube_url&quot;:&quot;https:\\\/\\\/youtu.be\\\/6b5Lujgn-Ow&quot;,&quot;video_type&quot;:&quot;youtube&quot;,&quot;controls&quot;:&quot;yes&quot;,&quot;aspect_ratio&quot;:&quot;169&quot;}\" data-widget_type=\"video.default\">\n\t\t\t\t<div class=\"elementor-widget-container\">\n\t\t\t\t\t<div class=\"elementor-wrapper elementor-fit-aspect-ratio elementor-open-inline\">\n\t\t\t<div class=\"elementor-video\"><\/div>\t\t<\/div>\n\t\t\t\t<\/div>\n\t\t\t\t<\/div>\n\t\t\t\t\t\t<\/div>\n\t\t\t\t\t<\/div>\n\t\t<\/div>\n\t\t\t\t\t\t\t\t<\/div>\n\t\t\t\t\t<\/div>\n\t\t<\/section>\n\t\t\t\t<section class=\"elementor-section elementor-top-section elementor-element elementor-element-6042386 elementor-section-boxed elementor-section-height-default elementor-section-height-default\" data-id=\"6042386\" data-element_type=\"section\">\n\t\t\t\t\t\t<div class=\"elementor-container elementor-column-gap-default\">\n\t\t\t\t\t\t\t<div class=\"elementor-row\">\n\t\t\t\t\t<div class=\"elementor-column elementor-col-100 elementor-top-column elementor-element elementor-element-e84dce1\" data-id=\"e84dce1\" data-element_type=\"column\">\n\t\t\t<div class=\"elementor-column-wrap elementor-element-populated\">\n\t\t\t\t\t\t\t<div class=\"elementor-widget-wrap\">\n\t\t\t\t\t\t<div class=\"elementor-element elementor-element-eacb94c elementor-widget elementor-widget-text-editor\" data-id=\"eacb94c\" data-element_type=\"widget\" data-widget_type=\"text-editor.default\">\n\t\t\t\t<div class=\"elementor-widget-container\">\n\t\t\t\t\t\t\t\t<div class=\"elementor-text-editor elementor-clearfix\">\n\t\t\t\t<h5><strong><span style=\"color: #008000;\">\u00a0TEKN\u0130K DETAY<\/span><\/strong><\/h5>\t\t\t\t\t<\/div>\n\t\t\t\t\t\t<\/div>\n\t\t\t\t<\/div>\n\t\t\t\t\t\t<\/div>\n\t\t\t\t\t<\/div>\n\t\t<\/div>\n\t\t\t\t\t\t\t\t<\/div>\n\t\t\t\t\t<\/div>\n\t\t<\/section>\n\t\t\t\t<section class=\"elementor-section elementor-top-section elementor-element elementor-element-732e835 elementor-section-boxed elementor-section-height-default elementor-section-height-default\" data-id=\"732e835\" data-element_type=\"section\">\n\t\t\t\t\t\t<div class=\"elementor-container elementor-column-gap-default\">\n\t\t\t\t\t\t\t<div class=\"elementor-row\">\n\t\t\t\t\t<div class=\"elementor-column elementor-col-100 elementor-top-column elementor-element elementor-element-d2e81b3\" data-id=\"d2e81b3\" data-element_type=\"column\">\n\t\t\t<div class=\"elementor-column-wrap elementor-element-populated\">\n\t\t\t\t\t\t\t<div class=\"elementor-widget-wrap\">\n\t\t\t\t\t\t<div class=\"elementor-element elementor-element-80218aa elementor-widget elementor-widget-text-editor\" data-id=\"80218aa\" data-element_type=\"widget\" data-widget_type=\"text-editor.default\">\n\t\t\t\t<div class=\"elementor-widget-container\">\n\t\t\t\t\t\t\t\t<div class=\"elementor-text-editor elementor-clearfix\">\n\t\t\t\t<table border=\"1\" cellspacing=\"1\" cellpadding=\"1\"><tbody><tr><td><span style=\"color: #000000;\"><strong>MOTOR<\/strong><\/span><\/td><td><span style=\"color: #000000;\">15 Hp Benzinli Briggs Motor<\/span><\/td><\/tr><tr><td><span style=\"color: #000000;\"><strong>\u0130la\u00e7 Tank Kapasitesi<\/strong><\/span><\/td><td><span style=\"color: #000000;\">20 Litre<\/span><\/td><\/tr><tr><td><span style=\"color: #000000;\"><strong>\u0130la\u00e7 \u00c7\u0131k\u0131\u015f Debisi<\/strong><\/span><\/td><td><span style=\"color: #000000;\">15 bar<\/span><\/td><\/tr><tr><td><span style=\"color: #000000;\"><strong>\u0130la\u00e7 P\u00fcsk\u00fcrtme hortumu<\/strong><\/span><\/td><td><span style=\"color: #000000;\">2.30 metre esnek metalden \u00fcretilen esnek kanal aparat\u0131<\/span><\/td><\/tr><tr><td><span style=\"color: #000000;\"><strong>Yak\u0131t t\u00fcketim miktar\u0131<\/strong><\/span><\/td><td><span style=\"color: #000000;\">0,75 \u2013 1 Lt. \/ Sa. (Motor h\u0131z\u0131na g\u00f6re de\u011fi\u015fkenlik g\u00f6sterir)<\/span><\/td><\/tr><tr><td><span style=\"color: #000000;\"><strong>Teker<\/strong><\/span><\/td><td><span style=\"color: #000000;\">2 Frenli teker sabitlemek i\u00e7in . Ayr\u0131ca 2 D\u00fcz teker<\/span><\/td><\/tr><tr><td height=\"40\"><span style=\"color: #000000;\"><strong>\u0130la\u00e7 yak\u0131t t\u00fcketimi<\/strong><\/span><\/td><td height=\"40\"><span style=\"color: #000000;\">10 \u2013 20 Lt \/ Sa. (Ayarlanabilir)<\/span><\/td><\/tr><\/tbody><\/table>\t\t\t\t\t<\/div>\n\t\t\t\t\t\t<\/div>\n\t\t\t\t<\/div>\n\t\t\t\t\t\t<\/div>\n\t\t\t\t\t<\/div>\n\t\t<\/div>\n\t\t\t\t\t\t\t\t<\/div>\n\t\t\t\t\t<\/div>\n\t\t<\/section>\n\t\t\t\t<section class=\"elementor-section elementor-top-section elementor-element elementor-element-048f8d5 elementor-section-boxed elementor-section-height-default elementor-section-height-default\" data-id=\"048f8d5\" data-element_type=\"section\">\n\t\t\t\t\t\t<div class=\"elementor-container elementor-column-gap-default\">\n\t\t\t\t\t\t\t<div class=\"elementor-row\">\n\t\t\t\t\t<div class=\"elementor-column elementor-col-100 elementor-top-column elementor-element elementor-element-ecf962d\" data-id=\"ecf962d\" data-element_type=\"column\">\n\t\t\t<div class=\"elementor-column-wrap elementor-element-populated\">\n\t\t\t\t\t\t\t<div class=\"elementor-widget-wrap\">\n\t\t\t\t\t\t<div class=\"elementor-element elementor-element-4174c95 elementor-widget elementor-widget-text-editor\" data-id=\"4174c95\" data-element_type=\"widget\" data-widget_type=\"text-editor.default\">\n\t\t\t\t<div class=\"elementor-widget-container\">\n\t\t\t\t\t\t\t\t<div class=\"elementor-text-editor elementor-clearfix\">\n\t\t\t\t<h5><span style=\"color: #333333;\">Kanalizasyon b\u00f6cek ila\u00e7lama | Sisleme<\/span><\/h5><p><span style=\"color: #000000;\">Kanalizasyon b\u00f6cek\u00a0 sisleme DURU \u2013 K 100 kanal \u0130la\u00e7lama makinesi ila\u00e7 ve ya\u011f bazl\u0131 sol\u00fcsyonun kar\u0131\u015f\u0131m form\u00fclasyonunu y\u00fcksek \u0131s\u0131ya maruz b\u0131rakarak 20\u00b5m \u00e7ap\u0131nda ila\u00e7lama ger\u00e7ekle\u015ftirmektedir. Paslanmaz \u00e7elikten \u00fcretilen ekstra esnek hortumu kanal sisleme uygulamalar\u0131 ve \u00e7\u00f6p konteyn\u0131rlar\u0131n\u0131, larva, sinek, sivri sinek, ve b\u00fcy\u00fck c\u00fcsseli b\u00f6cekleri ila\u00e7lamak i\u00e7in tasarlanm\u0131\u015ft\u0131r.\u00a0<\/span><\/p><p><span style=\"color: #000000;\">Kanalizasyon b\u00f6cek sisleme K-100 ila\u00e7lama makinas\u0131 K \u2013 100 Hortum ba\u011flant\u0131s\u0131 \u00e7\u0131kar\u0131ld\u0131\u011f\u0131 takdirde ayn\u0131 zamanda a\u00e7\u0131k alan s\u0131cak sisleme uygulamas\u0131 yap\u0131labilmekte, ve don \u00f6nleyici olarak kullan\u0131lmaktad\u0131r .<\/span><\/p><p><span style=\"color: #000000;\">Kanalizasyon b\u00f6cek sisleme K- 100 ila\u00e7lama makinas\u0131\u00a0 Ergonomik yap\u0131s\u0131 ve zor g\u00f6revler i\u00e7in tasarlanm\u0131\u015f dolgu tekerlekleri ve frenli sistem tekerlekleri ile kolay kullan\u0131m ve kolay transfer imkan\u0131 sa\u011flamaktad\u0131r.<\/span><\/p><p><span style=\"color: #000000;\">20\u00b5m \u00e7ap\u0131nda ila\u00e7lama yapt\u0131\u011f\u0131ndan dolay\u0131 U\u00e7kun m\u00fccadelesini hedef alan bir makinedir.<\/span><br \/><span style=\"color: #000000;\">Duru -K 100 Kanal sisleme makinesinin \u00fcretti\u011fi 1 zerreci\u011fin hava sirk\u00fclasyonu olmayan b\u00f6lgede 10 metre y\u00fckseklikten yere d\u00fc\u015fmesi s\u00fcresi 14 dakikad\u0131r. Hava sirk\u00fclasyonu olan bir kanalizasyonda ise bu s\u00fcre daha uzundur ve y\u00fcksek verimli bir biyosidal uygulama yap\u0131lmas\u0131n\u0131 sa\u011flamaktad\u0131r.<\/span><\/p><p><span style=\"color: #000000;\">Kullan\u0131m ve \u00fcretim amac\u0131 \u00c7evre Sa\u011fl\u0131\u011f\u0131 alan\u0131nda biyosidal \u00fcr\u00fcn p\u00fcsk\u00fcrterek Halk Sa\u011fl\u0131\u011f\u0131n\u0131 bula\u015f\u0131c\u0131 hastal\u0131klara kar\u015f\u0131 korumaktad\u0131r.<\/span><\/p><h5><span style=\"color: #000000;\">Kanalizasyon \u0130la\u00e7lama Kullan\u0131m alanlar\u0131 :<\/span><\/h5><p><span style=\"color: #000000;\">Yerle\u015fim alanlar\u0131nda hijyen ve halk sa\u011fl\u0131\u011f\u0131, vekt\u00f6r kontrol, sivrisinek, u\u00e7an ve s\u00fcr\u00fcnen ha\u015ferelerin yok edilmesinde g\u00f6rev al\u0131r.<\/span><\/p><p><span style=\"color: #000000;\">Kanalizasyonlar, oteller, e\u011flence parklar\u0131, golf sahalar\u0131, askeri alanlar, tatil kamp ve k\u00f6yleri, yesil alanlar ve ormanlar,<\/span><\/p><p><span style=\"color: #000000;\">batakl\u0131klar, yazl\u0131k ve k\u0131\u015fl\u0131k alanlarda.<\/span><\/p><p><span style=\"color: #000000;\">Belediye \u00e7evre sa\u011fl\u0131\u011f\u0131 ve sokak ila\u00e7lamalar\u0131nda.<\/span><\/p><p><span style=\"color: #000000;\">Tar\u0131msal ve k\u0131rsal alanlarda, ah\u0131rlar, a\u011f\u0131llar, tavuk \u00e7iftlikleri, seralar ve bitkilerin korunmas\u0131nda, ayr\u0131ca k\u0131\u015f\u0131n seralarda donu \u00f6nlemek i\u00e7in antifriz olarakta kullan\u0131l\u0131r.<\/span><\/p><p><span style=\"color: #000000;\">Tar\u0131m \u00fcr\u00fcnleri, tekstil, t\u00fct\u00fcn vb depolama alanlar\u0131, ambarlar\u0131nda.<\/span><\/p><p><span style=\"color: #000000;\">Koku giderici dezenfektan olarak; batakl\u0131k, kanalizasyon, at\u0131k su alanlar\u0131 ve \u00e7\u00f6p y\u0131\u011f\u0131n alanlar\u0131nda kullan\u0131l\u0131r. Ara\u00e7lar\u0131n, b\u00fcy\u00fck<\/span><\/p><p><span style=\"color: #000000;\">makinelerin giremedi\u011fi, yollar\u0131n bozuk ve dar oldu\u011fu alanlarda hafifli\u011fi ve elde kolayca ta\u015f\u0131nabilme \u00f6zelli\u011fi ile<\/span><\/p><p><span style=\"color: #000000;\">zahmetsizce ila\u00e7lama yapabilmektedir.<\/span><\/p><h5><span style=\"color: #000000;\">KANAL \u0130LA\u00c7LAMA\u00a0 KULLANIMI\u00a0<\/span><\/h5><p><span style=\"color: #000000;\">Motorlu ve Jenar\u00f6t\u00f6rl\u00fc \u0130la\u00e7lama makineleri kullan\u0131m amac\u0131 nedeni ile sokak, cadde, k\u00f6y, kasaba ,site gibi a\u00e7\u0131k alanlar\u0131n yada kapal\u0131 alanlarda b\u00fcy\u00fck hangar. ah\u0131r gibi yerlerin ha\u015fere ila\u00e7lanmas\u0131 \u00fczerine tasarlanm\u0131\u015ft\u0131r. A\u011f\u0131r ve b\u00fcy\u00fck olma sebebi ile Ara\u00e7 \u00fczerinde yada ta\u015f\u0131y\u0131c\u0131 \u00fczerinde ta\u015f\u0131nmas\u0131 uygun olmaktad\u0131r . Ara\u00e7 \u00fcst\u00fc cihazlar\u0131n en b\u00fcy\u00fck \u00f6zelli\u011fi kumandal\u0131 olmas\u0131d\u0131r. Arac\u0131 s\u00fcren \u015fof\u00f6r yada varsa yard\u0131mc\u0131s\u0131 ara\u00e7tan inmeden ila\u00e7lama cihaz\u0131n\u0131 kontrol edebilir ayr\u0131ca ilaca ( insektisite ) maruz kalmalar\u0131 engellenir. Kullanaca\u011f\u0131n\u0131z yerin b\u00fcy\u00fckl\u00fc\u011f\u00fc alan\u0131, konumu ayr\u0131ca ha\u015fere yo\u011funlu\u011funa g\u00f6re Termal cihazlar\u0131ndan sizlerle birlikte fikir al\u0131\u015f veri\u015finden sonra cihaz modeli tavsiye edilmesi kullan\u0131ma uygunlu\u011fu belirlenmesinde fayda sa\u011flayacakt\u0131r.<\/span><\/p><h5><span style=\"color: #000000;\">Sat\u0131\u015f \u00d6ncesi Hizmet\u00a0!!\u00a0<\/span><\/h5><p><span style=\"color: #000000;\">Termal fog makinas\u0131 se\u00e7erken baz\u0131 kriterlerin ( Alan, saha, m\u00fccadele ) amac\u0131 g\u00f6zden ge\u00e7irilmesinde mutlaka fayda olacakt\u0131r. Bu nedenle Termal ila\u00e7lama cihaz\u0131 almadan \u00f6nce mutlaka M\u00fc\u015fteri temsilcimizle ileti\u015fime ge\u00e7iniz . 0532 065 9117<\/span><\/p><h5><span style=\"color: #000000;\">Sat\u0131\u015f Sonras\u0131 Hizmet !!!<\/span><\/h5><p><span style=\"color: #000000;\">G\u00f6r\u00fcnt\u00fcl\u00fc konu\u015fma ile uzaktan \u00e7al\u0131\u015ft\u0131rma talimat\u0131 ve teknik yard\u0131m hatt\u0131.<\/span><br \/><span style=\"color: #000000;\">\u0130htiyac\u0131n\u0131z olan yedek par\u00e7an\u0131n kod numaras\u0131n\u0131 bilmiyorsan\u0131z resmini \u00e7ekip bu hat \u00fczerinden g\u00f6nderebilirsiniz.<\/span><br \/><span style=\"color: #000000;\">Uzmanl\u0131k gerektiren ar\u0131za tespiti veya teknik bilgimize dan\u0131\u015fmak i\u00e7in 0532 065 9117 \u2013 ( 7\/24 ) bu hat \u00fczerinden ileti\u015fim kurabilirsiniz.<\/span><\/p>\t\t\t\t\t<\/div>\n\t\t\t\t\t\t<\/div>\n\t\t\t\t<\/div>\n\t\t\t\t\t\t<\/div>\n\t\t\t\t\t<\/div>\n\t\t<\/div>\n\t\t\t\t\t\t\t\t<\/div>\n\t\t\t\t\t<\/div>\n\t\t<\/section>\n\t\t\t\t<section class=\"elementor-section elementor-top-section elementor-element elementor-element-a64d2af elementor-section-boxed elementor-section-height-default elementor-section-height-default\" data-id=\"a64d2af\" data-element_type=\"section\">\n\t\t\t\t\t\t<div class=\"elementor-container elementor-column-gap-default\">\n\t\t\t\t\t\t\t<div class=\"elementor-row\">\n\t\t\t\t\t<div class=\"elementor-column elementor-col-100 elementor-top-column elementor-element elementor-element-3ab4867\" data-id=\"3ab4867\" data-element_type=\"column\">\n\t\t\t<div class=\"elementor-column-wrap elementor-element-populated\">\n\t\t\t\t\t\t\t<div class=\"elementor-widget-wrap\">\n\t\t\t\t\t\t<div class=\"elementor-element elementor-element-9f88b60 elementor-widget elementor-widget-text-editor\" data-id=\"9f88b60\" data-element_type=\"widget\" data-widget_type=\"text-editor.default\">\n\t\t\t\t<div class=\"elementor-widget-container\">\n\t\t\t\t\t\t\t\t<div class=\"elementor-text-editor elementor-clearfix\">\n\t\t\t\t<div class=\"ht-heading\"><h4 class=\"ht-heading-title text-left\"><strong>\u0130leti\u015fim Bilgilerimiz ;<\/strong><\/h4><\/div><ul class=\"list-inline\"><li><i class=\"fa fa-envelope\"><\/i><a href=\"mailto:info@duruhd.com\">info@duruhd.com<\/a><\/li><li><i class=\"fa fa-phone margin-icon\"><\/i>Telefon Numaras\u0131 : +90 352 3202086 \u00dcr\u00fcn Sat\u0131\u015f Kordinat\u00f6r\u00fc : +90 532 0659117<\/li><li><i class=\"fa fa-map-marker margin-icon\"><\/i>\u00a0Fabrika : Adres : Osman Kavuncu Mah. Emirhan Cad. No: 4 \/ c \u2013 Melikgazi \u2013 KAYSER\u0130<\/li><\/ul><p class=\"ib-text\">Duru Entosis : Zirai Alet Makineleri \u00c7evre Sa\u011fl\u0131\u011f\u0131 Dan\u0131\u015fmanl\u0131k San. Tic. Ltd. \u015eti.<\/p>\t\t\t\t\t<\/div>\n\t\t\t\t\t\t<\/div>\n\t\t\t\t<\/div>\n\t\t\t\t\t\t<\/div>\n\t\t\t\t\t<\/div>\n\t\t<\/div>\n\t\t\t\t\t\t\t\t<\/div>\n\t\t\t\t\t<\/div>\n\t\t<\/section>\n\t\t\t\t<section class=\"elementor-section elementor-top-section elementor-element elementor-element-d31a73d elementor-section-boxed elementor-section-height-default elementor-section-height-default\" data-id=\"d31a73d\" data-element_type=\"section\">\n\t\t\t\t\t\t<div class=\"elementor-container elementor-column-gap-default\">\n\t\t\t\t\t\t\t<div class=\"elementor-row\">\n\t\t\t\t\t<div class=\"elementor-column elementor-col-50 elementor-top-column elementor-element elementor-element-3c8895b\" data-id=\"3c8895b\" data-element_type=\"column\">\n\t\t\t<div class=\"elementor-column-wrap elementor-element-populated\">\n\t\t\t\t\t\t\t<div class=\"elementor-widget-wrap\">\n\t\t\t\t\t\t<div class=\"elementor-element elementor-element-36e5cf5 elementor-widget elementor-widget-button\" data-id=\"36e5cf5\" data-element_type=\"widget\" data-widget_type=\"button.default\">\n\t\t\t\t<div class=\"elementor-widget-container\">\n\t\t\t\t\t<div class=\"elementor-button-wrapper\">\n\t\t\t<a href=\"https:\/\/www.duruhd.com\/hd20\/kanal-sisleme-dumanlama-ilaclama-makinasi-k100\/\" class=\"elementor-button-link elementor-button elementor-size-sm\" role=\"button\">\n\t\t\t\t\t\t<span class=\"elementor-button-content-wrapper\">\n\t\t\t\t\t\t<span class=\"elementor-button-text\">s\u0131cak sisleme- geri d\u00f6n<\/span>\n\t\t<\/span>\n\t\t\t\t\t<\/a>\n\t\t<\/div>\n\t\t\t\t<\/div>\n\t\t\t\t<\/div>\n\t\t\t\t\t\t<\/div>\n\t\t\t\t\t<\/div>\n\t\t<\/div>\n\t\t\t\t<div class=\"elementor-column elementor-col-50 elementor-top-column elementor-element elementor-element-a43dc89\" data-id=\"a43dc89\" data-element_type=\"column\">\n\t\t\t<div class=\"elementor-column-wrap elementor-element-populated\">\n\t\t\t\t\t\t\t<div class=\"elementor-widget-wrap\">\n\t\t\t\t\t\t<div class=\"elementor-element elementor-element-e63b9ae elementor-widget elementor-widget-button\" data-id=\"e63b9ae\" data-element_type=\"widget\" data-widget_type=\"button.default\">\n\t\t\t\t<div class=\"elementor-widget-container\">\n\t\t\t\t\t<div class=\"elementor-button-wrapper\">\n\t\t\t<a href=\"https:\/\/api.whatsapp.com\/send?phone=905323435697\" class=\"elementor-button-link elementor-button elementor-size-sm\" role=\"button\">\n\t\t\t\t\t\t<span class=\"elementor-button-content-wrapper\">\n\t\t\t\t\t\t<span class=\"elementor-button-text\">Whatsapp destek hatt\u0131<\/span>\n\t\t<\/span>\n\t\t\t\t\t<\/a>\n\t\t<\/div>\n\t\t\t\t<\/div>\n\t\t\t\t<\/div>\n\t\t\t\t\t\t<\/div>\n\t\t\t\t\t<\/div>\n\t\t<\/div>\n\t\t\t\t\t\t\t\t<\/div>\n\t\t\t\t\t<\/div>\n\t\t<\/section>\n\t\t\t\t\t\t<\/div>\n\t\t\t\t\t\t<\/div>\n\t\t\t\t\t<\/div>\n\t\t","protected":false},"excerpt":{"rendered":"<p>kanalizasyon b\u00f6cek ila\u00e7lama https:\/\/youtu.be\/pb6CK9FvPy0https:\/\/youtu.be\/6b5Lujgn-Ow &nbsp;TEKN\u0130K DETAY MOTOR 15 Hp Benzinli Briggs Motor \u0130la\u00e7 Tank Kapasitesi 20 Litre \u0130la\u00e7 \u00c7\u0131k\u0131\u015f Debisi 15 bar \u0130la\u00e7 P\u00fcsk\u00fcrtme hortumu 2.30 metre esnek metalden \u00fcretilen esnek kanal aparat\u0131 Yak\u0131t t\u00fcketim miktar\u0131 0,75 \u2013 1 Lt. \/ Sa. (Motor h\u0131z\u0131na g\u00f6re de\u011fi\u015fkenlik g\u00f6sterir) Teker 2 Frenli teker sabitlemek i\u00e7in . Ayr\u0131ca&#8230;<\/p>\n","protected":false},"author":1,"featured_media":13861,"parent":0,"menu_order":0,"comment_status":"closed","ping_status":"closed","template":"","meta":{"footnotes":""},"class_list":["post-3819","page","type-page","status-publish","has-post-thumbnail","hentry"],"_links":{"self":[{"href":"https:\/\/www.duruhd.com\/hd20\/wp-json\/wp\/v2\/pages\/3819"}],"collection":[{"href":"https:\/\/www.duruhd.com\/hd20\/wp-json\/wp\/v2\/pages"}],"about":[{"href":"https:\/\/www.duruhd.com\/hd20\/wp-json\/wp\/v2\/types\/page"}],"author":[{"embeddable":true,"href":"https:\/\/www.duruhd.com\/hd20\/wp-json\/wp\/v2\/users\/1"}],"replies":[{"embeddable":true,"href":"https:\/\/www.duruhd.com\/hd20\/wp-json\/wp\/v2\/comments?post=3819"}],"version-history":[{"count":292,"href":"https:\/\/www.duruhd.com\/hd20\/wp-json\/wp\/v2\/pages\/3819\/revisions"}],"predecessor-version":[{"id":13948,"href":"https:\/\/www.duruhd.com\/hd20\/wp-json\/wp\/v2\/pages\/3819\/revisions\/13948"}],"wp:featuredmedia":[{"embeddable":true,"href":"https:\/\/www.duruhd.com\/hd20\/wp-json\/wp\/v2\/media\/13861"}],"wp:attachment":[{"href":"https:\/\/www.duruhd.com\/hd20\/wp-json\/wp\/v2\/media?parent=3819"}],"curies":[{"name":"wp","href":"https:\/\/api.w.org\/{rel}","templated":true}]}}